{"id":2200,"date":"2023-08-25T15:45:30","date_gmt":"2023-08-25T13:45:30","guid":{"rendered":"https:\/\/www.fenetresaltek.ca\/careers\/usine-saint-joseph-de-beauce\/conseiller-conseillere-en-ressources-humaines\/"},"modified":"2024-01-24T21:12:23","modified_gmt":"2024-01-24T20:12:23","slug":"conseiller-conseillere-en-ressources-humaines","status":"publish","type":"page","link":"https:\/\/architectes.fenplast.com\/en\/careers\/usine-saint-joseph-de-beauce\/conseiller-conseillere-en-ressources-humaines\/","title":{"rendered":"Conseiller(\u00e8re) en ressources humaines"},"content":{"rendered":"Envie de travailler avec des coll\u00e8gues qui te font confiance? De partager tes id\u00e9es et de sentir que ta contribution fait une diff\u00e9rence au quotidien?\r\n\r\nSi tu d\u00e9sires t\u2019accomplir au sein d\u2019une \u00e9quipe RH qui te permet de jouer un r\u00f4le-cl\u00e9, et de travailler dans une organisation o\u00f9 le respect et la collaboration sont au c\u0153ur de nos actions, nous avons un d\u00e9fi pour toi.\r\n\r\nRelevant de la directrice, ressources humaines et membre d\u2019une \u00e9quipe agile et dynamique, tu seras appel\u00e9 \u00e0 jouer un r\u00f4le-support aux employ\u00e9s et de conseil \u00e0 l\u2019organisation en mati\u00e8re d\u2019acquisition de talents, de relations de travail et au niveau de diff\u00e9rents projets.","protected":false},"excerpt":{"rendered":"<p>Envie de travailler avec des coll\u00e8gues qui te font confiance? De partager tes id\u00e9es et de sentir que ta contribution fait une diff\u00e9rence au quotidien? Si tu d\u00e9sires t\u2019accomplir au sein d\u2019une \u00e9quipe RH qui te permet de jouer un r\u00f4le-cl\u00e9, et de travailler dans une organisation o\u00f9 le respect et la collaboration sont au [&hellip;]<\/p>\n","protected":false},"author":1,"featured_media":2298,"parent":412,"menu_order":0,"comment_status":"closed","ping_status":"closed","template":"page-offre-emploi.php","meta":{"footnotes":""},"categories":[],"yoast_head":"<!-- This site is optimized with the Yoast SEO plugin v22.0 - https:\/\/yoast.com\/wordpress\/plugins\/seo\/ -->\n<title>Offre d&#039;emploi Conseiller(\u00e8re) en ressources humaines - Altek portes et fen\u00eatres<\/title>\n<meta name=\"description\" content=\"Si tu d\u00e9sires t\u2019accomplir au sein d\u2019une \u00e9quipe RH qui te permet de jouer un r\u00f4le-cl\u00e9 et de travailler dans une organisation o\u00f9 le respect et la collaboration sont au c\u0153ur de nos actions, nous avons un d\u00e9fi pour toi.\" \/>\n<meta name=\"robots\" content=\"index, follow, max-snippet:-1, max-image-preview:large, max-video-preview:-1\" \/>\n<link rel=\"canonical\" href=\"https:\/\/architectes.fenplast.com\/en\/careers\/usine-saint-joseph-de-beauce\/conseiller-conseillere-en-ressources-humaines\/\" \/>\n<meta property=\"og:locale\" content=\"en_US\" \/>\n<meta property=\"og:type\" content=\"article\" \/>\n<meta property=\"og:title\" content=\"Offre d&#039;emploi Conseiller(\u00e8re) en ressources humaines - Altek portes et fen\u00eatres\" \/>\n<meta property=\"og:description\" content=\"Si tu d\u00e9sires t\u2019accomplir au sein d\u2019une \u00e9quipe RH qui te permet de jouer un r\u00f4le-cl\u00e9 et de travailler dans une organisation o\u00f9 le respect et la collaboration sont au c\u0153ur de nos actions, nous avons un d\u00e9fi pour toi.\" \/>\n<meta property=\"og:url\" content=\"https:\/\/architectes.fenplast.com\/en\/careers\/usine-saint-joseph-de-beauce\/conseiller-conseillere-en-ressources-humaines\/\" \/>\n<meta property=\"og:site_name\" content=\"Altek\" \/>\n<meta property=\"article:modified_time\" content=\"2024-01-24T20:12:23+00:00\" \/>\n<meta property=\"og:image\" content=\"https:\/\/architectes.fenplast.com\/wp-content\/uploads\/2024\/01\/Altek_2023_Gabarit-offre-demploi_conseiller_rh.jpg\" \/>\n\t<meta property=\"og:image:width\" content=\"2500\" \/>\n\t<meta property=\"og:image:height\" content=\"1250\" \/>\n\t<meta property=\"og:image:type\" content=\"image\/jpeg\" \/>\n<meta name=\"twitter:card\" content=\"summary_large_image\" \/>\n<meta name=\"twitter:label1\" content=\"Est. reading time\" \/>\n\t<meta name=\"twitter:data1\" content=\"1 minute\" \/>\n<script type=\"application\/ld+json\" class=\"yoast-schema-graph\">{\"@context\":\"https:\/\/schema.org\",\"@graph\":[{\"@type\":\"WebPage\",\"@id\":\"https:\/\/architectes.fenplast.com\/en\/careers\/usine-saint-joseph-de-beauce\/conseiller-conseillere-en-ressources-humaines\/\",\"url\":\"https:\/\/architectes.fenplast.com\/en\/careers\/usine-saint-joseph-de-beauce\/conseiller-conseillere-en-ressources-humaines\/\",\"name\":\"Offre d'emploi Conseiller(\u00e8re) en ressources humaines - Altek portes et fen\u00eatres\",\"isPartOf\":{\"@id\":\"https:\/\/architectes.fenplast.com\/en\/#website\"},\"datePublished\":\"2023-08-25T13:45:30+00:00\",\"dateModified\":\"2024-01-24T20:12:23+00:00\",\"description\":\"Si tu d\u00e9sires t\u2019accomplir au sein d\u2019une \u00e9quipe RH qui te permet de jouer un r\u00f4le-cl\u00e9 et de travailler dans une organisation o\u00f9 le respect et la collaboration sont au c\u0153ur de nos actions, nous avons un d\u00e9fi pour toi.\",\"breadcrumb\":{\"@id\":\"https:\/\/architectes.fenplast.com\/en\/careers\/usine-saint-joseph-de-beauce\/conseiller-conseillere-en-ressources-humaines\/#breadcrumb\"},\"inLanguage\":\"en-US\",\"potentialAction\":[{\"@type\":\"ReadAction\",\"target\":[\"https:\/\/architectes.fenplast.com\/en\/careers\/usine-saint-joseph-de-beauce\/conseiller-conseillere-en-ressources-humaines\/\"]}]},{\"@type\":\"BreadcrumbList\",\"@id\":\"https:\/\/architectes.fenplast.com\/en\/careers\/usine-saint-joseph-de-beauce\/conseiller-conseillere-en-ressources-humaines\/#breadcrumb\",\"itemListElement\":[{\"@type\":\"ListItem\",\"position\":1,\"name\":\"Accueil\",\"item\":\"https:\/\/architectes.fenplast.com\/en\/\"},{\"@type\":\"ListItem\",\"position\":2,\"name\":\"Careers\",\"item\":\"https:\/\/architectes.fenplast.com\/en\/careers\/\"},{\"@type\":\"ListItem\",\"position\":3,\"name\":\"Saint-Joseph-de-Beauce\",\"item\":\"https:\/\/architectes.fenplast.com\/en\/careers\/usine-saint-joseph-de-beauce\/\"},{\"@type\":\"ListItem\",\"position\":4,\"name\":\"Conseiller(\u00e8re) en ressources humaines\"}]},{\"@type\":\"WebSite\",\"@id\":\"https:\/\/architectes.fenplast.com\/en\/#website\",\"url\":\"https:\/\/architectes.fenplast.com\/en\/\",\"name\":\"Altek\",\"description\":\"\",\"publisher\":{\"@id\":\"https:\/\/architectes.fenplast.com\/en\/#organization\"},\"potentialAction\":[{\"@type\":\"SearchAction\",\"target\":{\"@type\":\"EntryPoint\",\"urlTemplate\":\"https:\/\/architectes.fenplast.com\/en\/?s={search_term_string}\"},\"query-input\":\"required name=search_term_string\"}],\"inLanguage\":\"en-US\"},{\"@type\":\"Organization\",\"@id\":\"https:\/\/architectes.fenplast.com\/en\/#organization\",\"name\":\"Altek portes et fen\u00eatres\",\"url\":\"https:\/\/architectes.fenplast.com\/en\/\",\"logo\":{\"@type\":\"ImageObject\",\"inLanguage\":\"en-US\",\"@id\":\"https:\/\/architectes.fenplast.com\/en\/#\/schema\/logo\/image\/\",\"url\":\"https:\/\/www.fenetresaltek.ca\/wp-content\/uploads\/2023\/06\/Logo-Altek_Portes-et-fenetres.png\",\"contentUrl\":\"https:\/\/www.fenetresaltek.ca\/wp-content\/uploads\/2023\/06\/Logo-Altek_Portes-et-fenetres.png\",\"width\":1500,\"height\":750,\"caption\":\"Altek portes et fen\u00eatres\"},\"image\":{\"@id\":\"https:\/\/architectes.fenplast.com\/en\/#\/schema\/logo\/image\/\"}}]}<\/script>\n<!-- \/ Yoast SEO plugin. -->","yoast_head_json":{"title":"Offre d'emploi Conseiller(\u00e8re) en ressources humaines - Altek portes et fen\u00eatres","description":"Si tu d\u00e9sires t\u2019accomplir au sein d\u2019une \u00e9quipe RH qui te permet de jouer un r\u00f4le-cl\u00e9 et de travailler dans une organisation o\u00f9 le respect et la collaboration sont au c\u0153ur de nos actions, nous avons un d\u00e9fi pour toi.","robots":{"index":"index","follow":"follow","max-snippet":"max-snippet:-1","max-image-preview":"max-image-preview:large","max-video-preview":"max-video-preview:-1"},"canonical":"https:\/\/architectes.fenplast.com\/en\/careers\/usine-saint-joseph-de-beauce\/conseiller-conseillere-en-ressources-humaines\/","og_locale":"en_US","og_type":"article","og_title":"Offre d'emploi Conseiller(\u00e8re) en ressources humaines - Altek portes et fen\u00eatres","og_description":"Si tu d\u00e9sires t\u2019accomplir au sein d\u2019une \u00e9quipe RH qui te permet de jouer un r\u00f4le-cl\u00e9 et de travailler dans une organisation o\u00f9 le respect et la collaboration sont au c\u0153ur de nos actions, nous avons un d\u00e9fi pour toi.","og_url":"https:\/\/architectes.fenplast.com\/en\/careers\/usine-saint-joseph-de-beauce\/conseiller-conseillere-en-ressources-humaines\/","og_site_name":"Altek","article_modified_time":"2024-01-24T20:12:23+00:00","og_image":[{"width":2500,"height":1250,"url":"https:\/\/architectes.fenplast.com\/wp-content\/uploads\/2024\/01\/Altek_2023_Gabarit-offre-demploi_conseiller_rh.jpg","type":"image\/jpeg"}],"twitter_card":"summary_large_image","twitter_misc":{"Est. reading time":"1 minute"},"schema":{"@context":"https:\/\/schema.org","@graph":[{"@type":"WebPage","@id":"https:\/\/architectes.fenplast.com\/en\/careers\/usine-saint-joseph-de-beauce\/conseiller-conseillere-en-ressources-humaines\/","url":"https:\/\/architectes.fenplast.com\/en\/careers\/usine-saint-joseph-de-beauce\/conseiller-conseillere-en-ressources-humaines\/","name":"Offre d'emploi Conseiller(\u00e8re) en ressources humaines - Altek portes et fen\u00eatres","isPartOf":{"@id":"https:\/\/architectes.fenplast.com\/en\/#website"},"datePublished":"2023-08-25T13:45:30+00:00","dateModified":"2024-01-24T20:12:23+00:00","description":"Si tu d\u00e9sires t\u2019accomplir au sein d\u2019une \u00e9quipe RH qui te permet de jouer un r\u00f4le-cl\u00e9 et de travailler dans une organisation o\u00f9 le respect et la collaboration sont au c\u0153ur de nos actions, nous avons un d\u00e9fi pour toi.","breadcrumb":{"@id":"https:\/\/architectes.fenplast.com\/en\/careers\/usine-saint-joseph-de-beauce\/conseiller-conseillere-en-ressources-humaines\/#breadcrumb"},"inLanguage":"en-US","potentialAction":[{"@type":"ReadAction","target":["https:\/\/architectes.fenplast.com\/en\/careers\/usine-saint-joseph-de-beauce\/conseiller-conseillere-en-ressources-humaines\/"]}]},{"@type":"BreadcrumbList","@id":"https:\/\/architectes.fenplast.com\/en\/careers\/usine-saint-joseph-de-beauce\/conseiller-conseillere-en-ressources-humaines\/#breadcrumb","itemListElement":[{"@type":"ListItem","position":1,"name":"Accueil","item":"https:\/\/architectes.fenplast.com\/en\/"},{"@type":"ListItem","position":2,"name":"Careers","item":"https:\/\/architectes.fenplast.com\/en\/careers\/"},{"@type":"ListItem","position":3,"name":"Saint-Joseph-de-Beauce","item":"https:\/\/architectes.fenplast.com\/en\/careers\/usine-saint-joseph-de-beauce\/"},{"@type":"ListItem","position":4,"name":"Conseiller(\u00e8re) en ressources humaines"}]},{"@type":"WebSite","@id":"https:\/\/architectes.fenplast.com\/en\/#website","url":"https:\/\/architectes.fenplast.com\/en\/","name":"Altek","description":"","publisher":{"@id":"https:\/\/architectes.fenplast.com\/en\/#organization"},"potentialAction":[{"@type":"SearchAction","target":{"@type":"EntryPoint","urlTemplate":"https:\/\/architectes.fenplast.com\/en\/?s={search_term_string}"},"query-input":"required name=search_term_string"}],"inLanguage":"en-US"},{"@type":"Organization","@id":"https:\/\/architectes.fenplast.com\/en\/#organization","name":"Altek portes et fen\u00eatres","url":"https:\/\/architectes.fenplast.com\/en\/","logo":{"@type":"ImageObject","inLanguage":"en-US","@id":"https:\/\/architectes.fenplast.com\/en\/#\/schema\/logo\/image\/","url":"https:\/\/www.fenetresaltek.ca\/wp-content\/uploads\/2023\/06\/Logo-Altek_Portes-et-fenetres.png","contentUrl":"https:\/\/www.fenetresaltek.ca\/wp-content\/uploads\/2023\/06\/Logo-Altek_Portes-et-fenetres.png","width":1500,"height":750,"caption":"Altek portes et fen\u00eatres"},"image":{"@id":"https:\/\/architectes.fenplast.com\/en\/#\/schema\/logo\/image\/"}}]}},"_links":{"self":[{"href":"https:\/\/architectes.fenplast.com\/en\/wp-json\/wp\/v2\/pages\/2200"}],"collection":[{"href":"https:\/\/architectes.fenplast.com\/en\/wp-json\/wp\/v2\/pages"}],"about":[{"href":"https:\/\/architectes.fenplast.com\/en\/wp-json\/wp\/v2\/types\/page"}],"author":[{"embeddable":true,"href":"https:\/\/architectes.fenplast.com\/en\/wp-json\/wp\/v2\/users\/1"}],"replies":[{"embeddable":true,"href":"https:\/\/architectes.fenplast.com\/en\/wp-json\/wp\/v2\/comments?post=2200"}],"version-history":[{"count":3,"href":"https:\/\/architectes.fenplast.com\/en\/wp-json\/wp\/v2\/pages\/2200\/revisions"}],"predecessor-version":[{"id":2300,"href":"https:\/\/architectes.fenplast.com\/en\/wp-json\/wp\/v2\/pages\/2200\/revisions\/2300"}],"up":[{"embeddable":true,"href":"https:\/\/architectes.fenplast.com\/en\/wp-json\/wp\/v2\/pages\/412"}],"wp:featuredmedia":[{"embeddable":true,"href":"https:\/\/architectes.fenplast.com\/en\/wp-json\/wp\/v2\/media\/2298"}],"wp:attachment":[{"href":"https:\/\/architectes.fenplast.com\/en\/wp-json\/wp\/v2\/media?parent=2200"}],"wp:term":[{"taxonomy":"category","embeddable":true,"href":"https:\/\/architectes.fenplast.com\/en\/wp-json\/wp\/v2\/categories?post=2200"}],"curies":[{"name":"wp","href":"https:\/\/api.w.org\/{rel}","templated":true}]}}